{"id":2866,"date":"2025-02-11T08:38:49","date_gmt":"2025-02-11T07:38:49","guid":{"rendered":"https:\/\/www.vilija.sk\/kysucke-pekarne\/?page_id=2866"},"modified":"2025-02-11T08:56:45","modified_gmt":"2025-02-11T07:56:45","slug":"kariera","status":"publish","type":"page","link":"https:\/\/www.vilija.sk\/kysucke-pekarne\/kariera\/","title":{"rendered":"KARI\u00c9RA"},"content":{"rendered":"<p><a href=\"https:\/\/www.profesia.sk\/praca\/kysucke-pekarne\/C2530\" target=\"_blank\">https:\/\/www.profesia.sk\/praca\/kysucke-pekarne\/C2530<\/a><\/p>\n","protected":false},"excerpt":{"rendered":"<p>Aktu\u00e1lne pracovn\u00e9 ponuky n\u00e1jdete na webe:<\/p>\n","protected":false},"author":2,"featured_media":0,"parent":0,"menu_order":2,"comment_status":"closed","ping_status":"open","template":"","meta":{"footnotes":""},"class_list":["post-2866","page","type-page","status-publish","hentry"],"_links":{"self":[{"href":"https:\/\/www.vilija.sk\/kysucke-pekarne\/wp-json\/wp\/v2\/pages\/2866","targetHints":{"allow":["GET"]}}],"collection":[{"href":"https:\/\/www.vilija.sk\/kysucke-pekarne\/wp-json\/wp\/v2\/pages"}],"about":[{"href":"https:\/\/www.vilija.sk\/kysucke-pekarne\/wp-json\/wp\/v2\/types\/page"}],"author":[{"embeddable":true,"href":"https:\/\/www.vilija.sk\/kysucke-pekarne\/wp-json\/wp\/v2\/users\/2"}],"replies":[{"embeddable":true,"href":"https:\/\/www.vilija.sk\/kysucke-pekarne\/wp-json\/wp\/v2\/comments?post=2866"}],"version-history":[{"count":8,"href":"https:\/\/www.vilija.sk\/kysucke-pekarne\/wp-json\/wp\/v2\/pages\/2866\/revisions"}],"predecessor-version":[{"id":2881,"href":"https:\/\/www.vilija.sk\/kysucke-pekarne\/wp-json\/wp\/v2\/pages\/2866\/revisions\/2881"}],"wp:attachment":[{"href":"https:\/\/www.vilija.sk\/kysucke-pekarne\/wp-json\/wp\/v2\/media?parent=2866"}],"curies":[{"name":"wp","href":"https:\/\/api.w.org\/{rel}","templated":true}]}}