{"id":37,"date":"2016-01-20T10:47:42","date_gmt":"2016-01-20T09:47:42","guid":{"rendered":"https:\/\/www.vilija.sk\/kysucke-pekarne\/?page_id=37"},"modified":"2025-02-10T08:34:44","modified_gmt":"2025-02-10T07:34:44","slug":"o-spolocnosti","status":"publish","type":"page","link":"https:\/\/www.vilija.sk\/kysucke-pekarne\/o-spolocnosti\/","title":{"rendered":"O spolo\u010dnosti"},"content":{"rendered":"<h2><strong><span style=\"color: #333300;\">\u00davod<\/span><\/strong><\/h2>\n<p><span style=\"color: #333300;\"><strong>Kysuck\u00e9 pek\u00e1rne, a. s. s\u00fa najv\u00e4\u010d\u0161ou pek\u00e1rskou spolo\u010dnos\u0165ou na Kysuciach a z\u00e1rove\u0148 patria k popredn\u00fdm spolo\u010dnostiam v tomto odvetv\u00ed na Slovensku. V nasleduj\u00facich \u010dl\u00e1nkoch sa dozviete ie\u010do z dej\u00edn pek\u00e1rstva na Kysuciach. Pon\u00fakame V\u00e1m aj inform\u00e1cie o technologickej \u010dasti v\u00fdroby, o cie\u013eoch podniku a o vzniku a v\u00fdzname na\u0161ej obchodnej zna\u010dky.<\/strong><\/span><\/p>\n<p><span style=\"color: #333300;\">\u00a0<\/span><\/p>\n","protected":false},"excerpt":{"rendered":"<p>\u00davod Kysuck\u00e9 pek\u00e1rne, a. s. s\u00fa najv\u00e4\u010d\u0161ou pek\u00e1rskou spolo\u010dnos\u0165ou na Kysuciach a z\u00e1rove\u0148 patria k popredn\u00fdm spolo\u010dnostiam v tomto odvetv\u00ed na Slovensku. V nasleduj\u00facich \u010dl\u00e1nkoch sa dozviete ie\u010do z dej\u00edn pek\u00e1rstva na Kysuciach. Pon\u00fakame V\u00e1m aj inform\u00e1cie o technologickej \u010dasti v\u00fdroby, o cie\u013eoch podniku a o vzniku a v\u00fdzname na\u0161ej obchodnej zna\u010dky. \u00a0<\/p>\n","protected":false},"author":1,"featured_media":0,"parent":0,"menu_order":10,"comment_status":"closed","ping_status":"open","template":"page-templates\/subpage.php","meta":{"footnotes":""},"class_list":["post-37","page","type-page","status-publish","hentry"],"_links":{"self":[{"href":"https:\/\/www.vilija.sk\/kysucke-pekarne\/wp-json\/wp\/v2\/pages\/37","targetHints":{"allow":["GET"]}}],"collection":[{"href":"https:\/\/www.vilija.sk\/kysucke-pekarne\/wp-json\/wp\/v2\/pages"}],"about":[{"href":"https:\/\/www.vilija.sk\/kysucke-pekarne\/wp-json\/wp\/v2\/types\/page"}],"author":[{"embeddable":true,"href":"https:\/\/www.vilija.sk\/kysucke-pekarne\/wp-json\/wp\/v2\/users\/1"}],"replies":[{"embeddable":true,"href":"https:\/\/www.vilija.sk\/kysucke-pekarne\/wp-json\/wp\/v2\/comments?post=37"}],"version-history":[{"count":10,"href":"https:\/\/www.vilija.sk\/kysucke-pekarne\/wp-json\/wp\/v2\/pages\/37\/revisions"}],"predecessor-version":[{"id":2828,"href":"https:\/\/www.vilija.sk\/kysucke-pekarne\/wp-json\/wp\/v2\/pages\/37\/revisions\/2828"}],"wp:attachment":[{"href":"https:\/\/www.vilija.sk\/kysucke-pekarne\/wp-json\/wp\/v2\/media?parent=37"}],"curies":[{"name":"wp","href":"https:\/\/api.w.org\/{rel}","templated":true}]}}